{"id":610,"date":"2023-08-22T09:38:31","date_gmt":"2023-08-22T13:38:31","guid":{"rendered":"https:\/\/franceservices.villedulorrain.com\/v2\/?page_id=610"},"modified":"2023-09-26T11:53:45","modified_gmt":"2023-09-26T15:53:45","slug":"point-justice","status":"publish","type":"page","link":"https:\/\/franceservices.villedulorrain.com\/v2\/point-justice\/","title":{"rendered":"POINT JUSTICE &#8211; CDAD"},"content":{"rendered":"\t\t<div data-elementor-type=\"wp-page\" data-elementor-id=\"610\" class=\"elementor elementor-610\">\n\t\t\t\t\t\t\t\t\t<section class=\"elementor-section elementor-top-section elementor-element elementor-element-358ca0e3 elementor-section-full_width elementor-section-stretched elementor-section-height-default elementor-section-height-default\" data-id=\"358ca0e3\" data-element_type=\"section\" data-settings=\"{&quot;background_background&quot;:&quot;classic&quot;,&quot;stretch_section&quot;:&quot;section-stretched&quot;}\">\n\t\t\t\t\t\t<div class=\"elementor-container elementor-column-gap-default\">\n\t\t\t\t\t<div class=\"elementor-column elementor-col-100 elementor-top-column elementor-element elementor-element-5a4ae0c7\" data-id=\"5a4ae0c7\" data-element_type=\"column\">\n\t\t\t<div class=\"elementor-widget-wrap elementor-element-populated\">\n\t\t\t\t\t\t\t\t<div class=\"elementor-element elementor-element-1e54cee8 elementor-widget elementor-widget-elementskit-heading\" data-id=\"1e54cee8\" data-element_type=\"widget\" data-widget_type=\"elementskit-heading.default\">\n\t\t\t\t<div class=\"elementor-widget-container\">\n\t\t\t<div class=\"ekit-wid-con\" ><div class=\"ekit-heading elementskit-section-title-wraper center   ekit_heading_tablet-   ekit_heading_mobile-\"><h2 class=\"ekit-heading--title elementskit-section-title \">POINT JUSTICE - CDAD <\/h2><\/div><\/div>\t\t<\/div>\n\t\t\t\t<\/div>\n\t\t\t\t\t<\/div>\n\t\t<\/div>\n\t\t\t\t\t\t\t<\/div>\n\t\t<\/section>\n\t\t\t\t<section class=\"elementor-section elementor-top-section elementor-element elementor-element-01261c8 elementor-section-boxed elementor-section-height-default elementor-section-height-default\" data-id=\"01261c8\" data-element_type=\"section\">\n\t\t\t\t\t\t<div class=\"elementor-container elementor-column-gap-default\">\n\t\t\t\t\t<div class=\"elementor-column elementor-col-100 elementor-top-column elementor-element elementor-element-e05a66b\" data-id=\"e05a66b\" data-element_type=\"column\">\n\t\t\t<div class=\"elementor-widget-wrap elementor-element-populated\">\n\t\t\t\t\t\t\t\t<div class=\"elementor-element elementor-element-9db24a2 elementor-widget elementor-widget-spacer\" data-id=\"9db24a2\" data-element_type=\"widget\" data-widget_type=\"spacer.default\">\n\t\t\t\t<div class=\"elementor-widget-container\">\n\t\t\t<style>\/*! elementor - v3.14.0 - 18-06-2023 *\/\n.elementor-column .elementor-spacer-inner{height:var(--spacer-size)}.e-con{--container-widget-width:100%}.e-con-inner>.elementor-widget-spacer,.e-con>.elementor-widget-spacer{width:var(--container-widget-width,var(--spacer-size));--align-self:var(--container-widget-align-self,initial);--flex-shrink:0}.e-con-inner>.elementor-widget-spacer>.elementor-widget-container,.e-con-inner>.elementor-widget-spacer>.elementor-widget-container>.elementor-spacer,.e-con>.elementor-widget-spacer>.elementor-widget-container,.e-con>.elementor-widget-spacer>.elementor-widget-container>.elementor-spacer{height:100%}.e-con-inner>.elementor-widget-spacer>.elementor-widget-container>.elementor-spacer>.elementor-spacer-inner,.e-con>.elementor-widget-spacer>.elementor-widget-container>.elementor-spacer>.elementor-spacer-inner{height:var(--container-widget-height,var(--spacer-size))}<\/style>\t\t<div class=\"elementor-spacer\">\n\t\t\t<div class=\"elementor-spacer-inner\"><\/div>\n\t\t<\/div>\n\t\t\t\t<\/div>\n\t\t\t\t<\/div>\n\t\t\t\t\t<\/div>\n\t\t<\/div>\n\t\t\t\t\t\t\t<\/div>\n\t\t<\/section>\n\t\t\t\t<section class=\"elementor-section elementor-top-section elementor-element elementor-element-318f0d9 elementor-section-boxed elementor-section-height-default elementor-section-height-default\" data-id=\"318f0d9\" data-element_type=\"section\">\n\t\t\t\t\t\t<div class=\"elementor-container elementor-column-gap-default\">\n\t\t\t\t\t<div class=\"elementor-column elementor-col-25 elementor-top-column elementor-element elementor-element-bc8a444\" data-id=\"bc8a444\" data-element_type=\"column\">\n\t\t\t<div class=\"elementor-widget-wrap elementor-element-populated\">\n\t\t\t\t\t\t\t\t<div class=\"elementor-element elementor-element-6abc34e elementor-widget elementor-widget-image\" data-id=\"6abc34e\" data-element_type=\"widget\" data-widget_type=\"image.default\">\n\t\t\t\t<div class=\"elementor-widget-container\">\n\t\t\t<style>\/*! elementor - v3.14.0 - 18-06-2023 *\/\n.elementor-widget-image{text-align:center}.elementor-widget-image a{display:inline-block}.elementor-widget-image a img[src$=\".svg\"]{width:48px}.elementor-widget-image img{vertical-align:middle;display:inline-block}<\/style>\t\t\t\t\t\t\t\t\t\t\t\t<img loading=\"lazy\" decoding=\"async\" width=\"300\" height=\"217\" src=\"https:\/\/franceservices.villedulorrain.com\/v2\/wp-content\/uploads\/2023\/08\/POINT-JUSTICE_Annexe1logo1-removebg-preview-1-300x217.png\" class=\"attachment-medium size-medium wp-image-836\" alt=\"\" srcset=\"https:\/\/franceservices.villedulorrain.com\/v2\/wp-content\/uploads\/2023\/08\/POINT-JUSTICE_Annexe1logo1-removebg-preview-1-300x217.png 300w, https:\/\/franceservices.villedulorrain.com\/v2\/wp-content\/uploads\/2023\/08\/POINT-JUSTICE_Annexe1logo1-removebg-preview-1.png 356w\" sizes=\"auto, (max-width: 300px) 100vw, 300px\" \/>\t\t\t\t\t\t\t\t\t\t\t\t\t\t\t<\/div>\n\t\t\t\t<\/div>\n\t\t\t\t\t<\/div>\n\t\t<\/div>\n\t\t\t\t<div class=\"elementor-column elementor-col-25 elementor-top-column elementor-element elementor-element-a2eadf5\" data-id=\"a2eadf5\" data-element_type=\"column\">\n\t\t\t<div class=\"elementor-widget-wrap elementor-element-populated\">\n\t\t\t\t\t\t\t\t<div class=\"elementor-element elementor-element-9aa1e5b elementor-widget elementor-widget-image\" data-id=\"9aa1e5b\" data-element_type=\"widget\" data-widget_type=\"image.default\">\n\t\t\t\t<div class=\"elementor-widget-container\">\n\t\t\t\t\t\t\t\t\t\t\t\t\t\t\t<img loading=\"lazy\" decoding=\"async\" width=\"300\" height=\"108\" src=\"https:\/\/franceservices.villedulorrain.com\/v2\/wp-content\/uploads\/2023\/08\/CDAD-300x108.png\" class=\"attachment-medium size-medium wp-image-832\" alt=\"\" srcset=\"https:\/\/franceservices.villedulorrain.com\/v2\/wp-content\/uploads\/2023\/08\/CDAD-300x108.png 300w, https:\/\/franceservices.villedulorrain.com\/v2\/wp-content\/uploads\/2023\/08\/CDAD.png 443w\" sizes=\"auto, (max-width: 300px) 100vw, 300px\" \/>\t\t\t\t\t\t\t\t\t\t\t\t\t\t\t<\/div>\n\t\t\t\t<\/div>\n\t\t\t\t\t<\/div>\n\t\t<\/div>\n\t\t\t\t<div class=\"elementor-column elementor-col-25 elementor-top-column elementor-element elementor-element-7dd3153\" data-id=\"7dd3153\" data-element_type=\"column\">\n\t\t\t<div class=\"elementor-widget-wrap\">\n\t\t\t\t\t\t\t\t\t<\/div>\n\t\t<\/div>\n\t\t\t\t<div class=\"elementor-column elementor-col-25 elementor-top-column elementor-element elementor-element-df9aad8\" data-id=\"df9aad8\" data-element_type=\"column\">\n\t\t\t<div class=\"elementor-widget-wrap\">\n\t\t\t\t\t\t\t\t\t<\/div>\n\t\t<\/div>\n\t\t\t\t\t\t\t<\/div>\n\t\t<\/section>\n\t\t\t\t<section class=\"elementor-section elementor-top-section elementor-element elementor-element-c0a488a elementor-section-boxed elementor-section-height-default elementor-section-height-default\" data-id=\"c0a488a\" data-element_type=\"section\">\n\t\t\t\t\t\t<div class=\"elementor-container elementor-column-gap-default\">\n\t\t\t\t\t<div class=\"elementor-column elementor-col-100 elementor-top-column elementor-element elementor-element-a3f41a8\" data-id=\"a3f41a8\" data-element_type=\"column\">\n\t\t\t<div class=\"elementor-widget-wrap elementor-element-populated\">\n\t\t\t\t\t\t\t\t<div class=\"elementor-element elementor-element-eea04aa elementor-widget elementor-widget-heading\" data-id=\"eea04aa\" data-element_type=\"widget\" data-widget_type=\"heading.default\">\n\t\t\t\t<div class=\"elementor-widget-container\">\n\t\t\t<style>\/*! elementor - v3.14.0 - 18-06-2023 *\/\n.elementor-heading-title{padding:0;margin:0;line-height:1}.elementor-widget-heading .elementor-heading-title[class*=elementor-size-]>a{color:inherit;font-size:inherit;line-height:inherit}.elementor-widget-heading .elementor-heading-title.elementor-size-small{font-size:15px}.elementor-widget-heading .elementor-heading-title.elementor-size-medium{font-size:19px}.elementor-widget-heading .elementor-heading-title.elementor-size-large{font-size:29px}.elementor-widget-heading .elementor-heading-title.elementor-size-xl{font-size:39px}.elementor-widget-heading .elementor-heading-title.elementor-size-xxl{font-size:59px}<\/style><h2 class=\"elementor-heading-title elementor-size-default\">Faites vos d\u00e9marches POINT JUSTICE - CDAD au sein de France services du Lorrain<\/h2>\t\t<\/div>\n\t\t\t\t<\/div>\n\t\t\t\t<div class=\"elementor-element elementor-element-9add8cd elementor-widget elementor-widget-text-editor\" data-id=\"9add8cd\" data-element_type=\"widget\" data-widget_type=\"text-editor.default\">\n\t\t\t\t<div class=\"elementor-widget-container\">\n\t\t\t<style>\/*! elementor - v3.14.0 - 18-06-2023 *\/\n.elementor-widget-text-editor.elementor-drop-cap-view-stacked .elementor-drop-cap{background-color:#69727d;color:#fff}.elementor-widget-text-editor.elementor-drop-cap-view-framed .elementor-drop-cap{color:#69727d;border:3px solid;background-color:transparent}.elementor-widget-text-editor:not(.elementor-drop-cap-view-default) .elementor-drop-cap{margin-top:8px}.elementor-widget-text-editor:not(.elementor-drop-cap-view-default) .elementor-drop-cap-letter{width:1em;height:1em}.elementor-widget-text-editor .elementor-drop-cap{float:left;text-align:center;line-height:1;font-size:50px}.elementor-widget-text-editor .elementor-drop-cap-letter{display:inline-block}<\/style>\t\t\t\t<p><strong>Le POINT JUSTICE et le CDAD mettent \u00e0 disposition des administr\u00e9s du nord atlantique des permanences d&rsquo;ordre juridique relatives \u00e0 l&#8217;emploi, la famille, un litige ou au surendettement.<\/strong><\/p><p>En effet, sont int\u00e9gr\u00e9s au sein de France services quatre permanences :<\/p><p>\u00a0&#8211;\u00a0 \u00a0 \u00a0Avocat : le mercredi &#8211; 1 fois par mois de 9h00 \u00e0 13h00<\/p><p>\u00a0&#8211;\u00a0 \u00a0 \u00a0Notaire : le vendredi &#8211; 1 fois par mois de 14h00 \u00e0 16h00<\/p><p>\u00a0&#8211;\u00a0 \u00a0 \u00a0Conciliateur de justice\u00a0 : tous les vendredis de 8h \u00e0 13h00<\/p><p>\u00a0&#8211;\u00a0 \u00a0 \u00a0Surendettement : le jeudi &#8211; 1 fois par mois de 8h30 \u00e0 12h30<\/p><p>\u00a0<\/p><p>Les permanences d\u2019information et d\u2019orientation juridique sont mise en place, par le Conseil D\u00e9partemental de l\u2019Acc\u00e8s au Droit (CDAD) et l\u2019Association des Conciliateurs de Justice de Martinique (ACJM).<\/p><p>Quelles que soient vos questions d\u2019ordre juridique relatives \u00e0 l\u2019emploi, la famille, ou un litige quelconque ? Un conseiller vous r\u00e9pondra !<\/p><p>Vous avez des questions d\u2019ordre juridique relatives au surendettement ou vous rencontrez des difficult\u00e9s pour rembourser vos dettes ? Un agent du CDAD r\u00e9pondra \u00e0 toutes vos questions.<\/p><p><i><b>Les consultations se font uniquement sur rendez-vous !<\/b><\/i><\/p><p>\u00a0<\/p>\t\t\t\t\t\t<\/div>\n\t\t\t\t<\/div>\n\t\t\t\t\t<\/div>\n\t\t<\/div>\n\t\t\t\t\t\t\t<\/div>\n\t\t<\/section>\n\t\t\t\t\t\t\t<\/div>\n\t\t","protected":false},"excerpt":{"rendered":"<p>POINT JUSTICE &#8211; CDAD Faites vos d\u00e9marches POINT JUSTICE &#8211; CDAD au sein de France services du Lorrain Le POINT JUSTICE et le CDAD mettent \u00e0 disposition des administr\u00e9s du nord atlantique des permanences d&rsquo;ordre juridique relatives \u00e0 l&#8217;emploi, la famille, un litige ou au surendettement. En effet, sont int\u00e9gr\u00e9s au sein de France services &#8230; <a title=\"POINT JUSTICE &#8211; CDAD\" class=\"read-more\" href=\"https:\/\/franceservices.villedulorrain.com\/v2\/point-justice\/\" aria-label=\"En savoir plus sur POINT JUSTICE &#8211; CDAD\">Lire la suite<\/a><\/p>\n","protected":false},"author":1,"featured_media":0,"parent":0,"menu_order":0,"comment_status":"closed","ping_status":"closed","template":"","meta":{"inline_featured_image":false,"footnotes":""},"class_list":["post-610","page","type-page","status-publish"],"yoast_head":"<!-- This site is optimized with the Yoast SEO plugin v20.9 - https:\/\/yoast.com\/wordpress\/plugins\/seo\/ -->\n<title>POINT JUSTICE - CDAD - france services<\/title>\n<meta name=\"robots\" content=\"noindex, follow, max-snippet:-1, max-image-preview:large, max-video-preview:-1\" \/>\n<meta property=\"og:locale\" content=\"fr_FR\" \/>\n<meta property=\"og:type\" content=\"article\" \/>\n<meta property=\"og:title\" content=\"POINT JUSTICE - CDAD - france services\" \/>\n<meta property=\"og:description\" content=\"POINT JUSTICE &#8211; CDAD Faites vos d\u00e9marches POINT JUSTICE &#8211; CDAD au sein de France services du Lorrain Le POINT JUSTICE et le CDAD mettent \u00e0 disposition des administr\u00e9s du nord atlantique des permanences d&rsquo;ordre juridique relatives \u00e0 l&#8217;emploi, la famille, un litige ou au surendettement. En effet, sont int\u00e9gr\u00e9s au sein de France services ... Lire la suite\" \/>\n<meta property=\"og:url\" content=\"https:\/\/franceservices.villedulorrain.com\/v2\/point-justice\/\" \/>\n<meta property=\"og:site_name\" content=\"france services\" \/>\n<meta property=\"article:modified_time\" content=\"2023-09-26T15:53:45+00:00\" \/>\n<meta property=\"og:image\" content=\"https:\/\/franceservices.villedulorrain.com\/v2\/wp-content\/uploads\/2023\/08\/POINT-JUSTICE_Annexe1logo1-removebg-preview-1-300x217.png\" \/>\n<meta name=\"twitter:card\" content=\"summary_large_image\" \/>\n<meta name=\"twitter:label1\" content=\"Dur\u00e9e de lecture estim\u00e9e\" \/>\n\t<meta name=\"twitter:data1\" content=\"2 minutes\" \/>\n<script type=\"application\/ld+json\" class=\"yoast-schema-graph\">{\"@context\":\"https:\/\/schema.org\",\"@graph\":[{\"@type\":\"WebPage\",\"@id\":\"https:\/\/franceservices.villedulorrain.com\/v2\/point-justice\/\",\"url\":\"https:\/\/franceservices.villedulorrain.com\/v2\/point-justice\/\",\"name\":\"POINT JUSTICE - CDAD - france services\",\"isPartOf\":{\"@id\":\"https:\/\/franceservices.villedulorrain.com\/v2\/#website\"},\"datePublished\":\"2023-08-22T13:38:31+00:00\",\"dateModified\":\"2023-09-26T15:53:45+00:00\",\"breadcrumb\":{\"@id\":\"https:\/\/franceservices.villedulorrain.com\/v2\/point-justice\/#breadcrumb\"},\"inLanguage\":\"fr-FR\",\"potentialAction\":[{\"@type\":\"ReadAction\",\"target\":[\"https:\/\/franceservices.villedulorrain.com\/v2\/point-justice\/\"]}]},{\"@type\":\"BreadcrumbList\",\"@id\":\"https:\/\/franceservices.villedulorrain.com\/v2\/point-justice\/#breadcrumb\",\"itemListElement\":[{\"@type\":\"ListItem\",\"position\":1,\"name\":\"Accueil\",\"item\":\"https:\/\/franceservices.villedulorrain.com\/v2\/\"},{\"@type\":\"ListItem\",\"position\":2,\"name\":\"POINT JUSTICE &#8211; CDAD\"}]},{\"@type\":\"WebSite\",\"@id\":\"https:\/\/franceservices.villedulorrain.com\/v2\/#website\",\"url\":\"https:\/\/franceservices.villedulorrain.com\/v2\/\",\"name\":\"france services\",\"description\":\"\",\"potentialAction\":[{\"@type\":\"SearchAction\",\"target\":{\"@type\":\"EntryPoint\",\"urlTemplate\":\"https:\/\/franceservices.villedulorrain.com\/v2\/?s={search_term_string}\"},\"query-input\":\"required name=search_term_string\"}],\"inLanguage\":\"fr-FR\"}]}<\/script>\n<!-- \/ Yoast SEO plugin. -->","yoast_head_json":{"title":"POINT JUSTICE - CDAD - france services","robots":{"index":"noindex","follow":"follow","max-snippet":"max-snippet:-1","max-image-preview":"max-image-preview:large","max-video-preview":"max-video-preview:-1"},"og_locale":"fr_FR","og_type":"article","og_title":"POINT JUSTICE - CDAD - france services","og_description":"POINT JUSTICE &#8211; CDAD Faites vos d\u00e9marches POINT JUSTICE &#8211; CDAD au sein de France services du Lorrain Le POINT JUSTICE et le CDAD mettent \u00e0 disposition des administr\u00e9s du nord atlantique des permanences d&rsquo;ordre juridique relatives \u00e0 l&#8217;emploi, la famille, un litige ou au surendettement. En effet, sont int\u00e9gr\u00e9s au sein de France services ... Lire la suite","og_url":"https:\/\/franceservices.villedulorrain.com\/v2\/point-justice\/","og_site_name":"france services","article_modified_time":"2023-09-26T15:53:45+00:00","og_image":[{"url":"https:\/\/franceservices.villedulorrain.com\/v2\/wp-content\/uploads\/2023\/08\/POINT-JUSTICE_Annexe1logo1-removebg-preview-1-300x217.png"}],"twitter_card":"summary_large_image","twitter_misc":{"Dur\u00e9e de lecture estim\u00e9e":"2 minutes"},"schema":{"@context":"https:\/\/schema.org","@graph":[{"@type":"WebPage","@id":"https:\/\/franceservices.villedulorrain.com\/v2\/point-justice\/","url":"https:\/\/franceservices.villedulorrain.com\/v2\/point-justice\/","name":"POINT JUSTICE - CDAD - france services","isPartOf":{"@id":"https:\/\/franceservices.villedulorrain.com\/v2\/#website"},"datePublished":"2023-08-22T13:38:31+00:00","dateModified":"2023-09-26T15:53:45+00:00","breadcrumb":{"@id":"https:\/\/franceservices.villedulorrain.com\/v2\/point-justice\/#breadcrumb"},"inLanguage":"fr-FR","potentialAction":[{"@type":"ReadAction","target":["https:\/\/franceservices.villedulorrain.com\/v2\/point-justice\/"]}]},{"@type":"BreadcrumbList","@id":"https:\/\/franceservices.villedulorrain.com\/v2\/point-justice\/#breadcrumb","itemListElement":[{"@type":"ListItem","position":1,"name":"Accueil","item":"https:\/\/franceservices.villedulorrain.com\/v2\/"},{"@type":"ListItem","position":2,"name":"POINT JUSTICE &#8211; CDAD"}]},{"@type":"WebSite","@id":"https:\/\/franceservices.villedulorrain.com\/v2\/#website","url":"https:\/\/franceservices.villedulorrain.com\/v2\/","name":"france services","description":"","potentialAction":[{"@type":"SearchAction","target":{"@type":"EntryPoint","urlTemplate":"https:\/\/franceservices.villedulorrain.com\/v2\/?s={search_term_string}"},"query-input":"required name=search_term_string"}],"inLanguage":"fr-FR"}]}},"_links":{"self":[{"href":"https:\/\/franceservices.villedulorrain.com\/v2\/wp-json\/wp\/v2\/pages\/610","targetHints":{"allow":["GET"]}}],"collection":[{"href":"https:\/\/franceservices.villedulorrain.com\/v2\/wp-json\/wp\/v2\/pages"}],"about":[{"href":"https:\/\/franceservices.villedulorrain.com\/v2\/wp-json\/wp\/v2\/types\/page"}],"author":[{"embeddable":true,"href":"https:\/\/franceservices.villedulorrain.com\/v2\/wp-json\/wp\/v2\/users\/1"}],"replies":[{"embeddable":true,"href":"https:\/\/franceservices.villedulorrain.com\/v2\/wp-json\/wp\/v2\/comments?post=610"}],"version-history":[{"count":48,"href":"https:\/\/franceservices.villedulorrain.com\/v2\/wp-json\/wp\/v2\/pages\/610\/revisions"}],"predecessor-version":[{"id":1034,"href":"https:\/\/franceservices.villedulorrain.com\/v2\/wp-json\/wp\/v2\/pages\/610\/revisions\/1034"}],"wp:attachment":[{"href":"https:\/\/franceservices.villedulorrain.com\/v2\/wp-json\/wp\/v2\/media?parent=610"}],"curies":[{"name":"wp","href":"https:\/\/api.w.org\/{rel}","templated":true}]}}